{"id":23,"date":"2018-12-10T07:28:15","date_gmt":"2018-12-10T07:28:15","guid":{"rendered":"http:\/\/xrally.home.pl\/autoinstalator\/wordpressplugins\/?page_id=23"},"modified":"2021-04-29T07:17:22","modified_gmt":"2021-04-29T07:17:22","slug":"kontakt","status":"publish","type":"page","link":"https:\/\/xrally.dfirma.pl\/?page_id=23","title":{"rendered":"Kontakt"},"content":{"rendered":"\n<p style=\"text-align:center\">Kontakt do Administratora<br><\/p>\n\n\n\n<p style=\"text-align:center\">MICHA\u0141 <\/p>\n\n\n\n<p style=\"text-align:center\">604483391<\/p>\n\n\n\n<p>Pytania techniczne odno\u015bnie strony &#8211; Micha\u0142&nbsp; 604483391<br><\/p>\n","protected":false},"excerpt":{"rendered":"<p>Kontakt do Administratora MICHA\u0141 604483391 Pytania techniczne odno\u015bnie strony &#8211; Micha\u0142&nbsp; 604483391<\/p>\n","protected":false},"author":1,"featured_media":0,"parent":0,"menu_order":0,"comment_status":"closed","ping_status":"closed","template":"","meta":[],"_links":{"self":[{"href":"https:\/\/xrally.dfirma.pl\/index.php?rest_route=\/wp\/v2\/pages\/23"}],"collection":[{"href":"https:\/\/xrally.dfirma.pl\/index.php?rest_route=\/wp\/v2\/pages"}],"about":[{"href":"https:\/\/xrally.dfirma.pl\/index.php?rest_route=\/wp\/v2\/types\/page"}],"author":[{"embeddable":true,"href":"https:\/\/xrally.dfirma.pl\/index.php?rest_route=\/wp\/v2\/users\/1"}],"replies":[{"embeddable":true,"href":"https:\/\/xrally.dfirma.pl\/index.php?rest_route=%2Fwp%2Fv2%2Fcomments&post=23"}],"version-history":[{"count":6,"href":"https:\/\/xrally.dfirma.pl\/index.php?rest_route=\/wp\/v2\/pages\/23\/revisions"}],"predecessor-version":[{"id":117,"href":"https:\/\/xrally.dfirma.pl\/index.php?rest_route=\/wp\/v2\/pages\/23\/revisions\/117"}],"wp:attachment":[{"href":"https:\/\/xrally.dfirma.pl\/index.php?rest_route=%2Fwp%2Fv2%2Fmedia&parent=23"}],"curies":[{"name":"wp","href":"https:\/\/api.w.org\/{rel}","templated":true}]}}